{"id":1255,"date":"2023-08-25T15:05:00","date_gmt":"2023-08-25T15:05:00","guid":{"rendered":"https:\/\/emaprice.lneg.pt\/?page_id=1255"},"modified":"2023-09-07T14:10:03","modified_gmt":"2023-09-07T14:10:03","slug":"accessibility","status":"publish","type":"page","link":"https:\/\/emaprice.lneg.pt\/?page_id=1255","title":{"rendered":"Accessibility"},"content":{"rendered":"\t\t<div data-elementor-type=\"wp-page\" data-elementor-id=\"1255\" class=\"elementor elementor-1255\">\n\t\t\t\t\t\t\t\t\t<section class=\"elementor-section elementor-top-section elementor-element elementor-element-793944af elementor-section-boxed elementor-section-height-default elementor-section-height-default\" data-id=\"793944af\" data-element_type=\"section\" data-settings=\"{&quot;background_background&quot;:&quot;classic&quot;}\">\n\t\t\t\t\t\t\t<div class=\"elementor-background-overlay\"><\/div>\n\t\t\t\t\t\t\t<div class=\"elementor-container elementor-column-gap-default\">\n\t\t\t\t\t<div class=\"elementor-column elementor-col-100 elementor-top-column elementor-element elementor-element-572112d0\" data-id=\"572112d0\" data-element_type=\"column\">\n\t\t\t<div class=\"elementor-widget-wrap elementor-element-populated\">\n\t\t\t\t\t\t\t\t<div class=\"elementor-element elementor-element-42e19d0f elementor-view-default elementor-mobile-position-top elementor-vertical-align-top elementor-widget elementor-widget-icon-box\" data-id=\"42e19d0f\" data-element_type=\"widget\" data-widget_type=\"icon-box.default\">\n\t\t\t\t<div class=\"elementor-widget-container\">\n\t\t\t<link rel=\"stylesheet\" href=\"https:\/\/emaprice.lneg.pt\/wp-content\/plugins\/elementor\/assets\/css\/widget-icon-box.min.css\">\t\t<div class=\"elementor-icon-box-wrapper\">\n\t\t\t\t\t\t<div class=\"elementor-icon-box-icon\">\n\t\t\t\t<span class=\"elementor-icon elementor-animation-\" >\n\t\t\t\t<i aria-hidden=\"true\" class=\"fab fa-accessible-icon\"><\/i>\t\t\t\t<\/span>\n\t\t\t<\/div>\n\t\t\t\t\t\t<div class=\"elementor-icon-box-content\">\n\t\t\t\t<h3 class=\"elementor-icon-box-title\">\n\t\t\t\t\t<span  >\n\t\t\t\t\t\tAccessibility\t\t\t\t\t<\/span>\n\t\t\t\t<\/h3>\n\t\t\t\t\t\t\t<\/div>\n\t\t<\/div>\n\t\t\t\t<\/div>\n\t\t\t\t<\/div>\n\t\t\t\t<div class=\"elementor-element elementor-element-214d0e8a elementor-widget elementor-widget-text-editor\" data-id=\"214d0e8a\" data-element_type=\"widget\" data-widget_type=\"text-editor.default\">\n\t\t\t\t<div class=\"elementor-widget-container\">\n\t\t\t<style>\/*! elementor - v3.7.4 - 31-08-2022 *\/\n.elementor-widget-text-editor.elementor-drop-cap-view-stacked .elementor-drop-cap{background-color:#818a91;color:#fff}.elementor-widget-text-editor.elementor-drop-cap-view-framed .elementor-drop-cap{color:#818a91;border:3px solid;background-color:transparent}.elementor-widget-text-editor:not(.elementor-drop-cap-view-default) .elementor-drop-cap{margin-top:8px}.elementor-widget-text-editor:not(.elementor-drop-cap-view-default) .elementor-drop-cap-letter{width:1em;height:1em}.elementor-widget-text-editor .elementor-drop-cap{float:left;text-align:center;line-height:1;font-size:50px}.elementor-widget-text-editor .elementor-drop-cap-letter{display:inline-block}<\/style>\t\t\t\t<div title=\"Page 3\"><div><div><div><h3>Declara\u00e7\u00e3o de Acessibilidade e Usabilidade<\/h3><p>O LNEG compromete-se a disponibilizar o s\u00edtio Web <a href=\"https:\/\/emaprice.lneg.pt\/\"><strong><span style=\"color: #ffffff; text-decoration: underline;\">eMaPriCE \u2013 Estudo de Mat\u00e9rias-Primas Cr\u00edticas e estrat\u00e9gicas e economia circular em Portugal<\/span><\/strong><\/a>, em conformidade com o Decreto-Lei n.\u00ba 83\/2018, de 19 de outubro, que transp\u00f5e a Diretiva (UE) 2016\/2102 do Parlamento Europeu e do Conselho, relativa \u00e0 acessibilidade dos s\u00edtios Web e das aplica\u00e7\u00f5es m\u00f3veis.<\/p><p>\u00a0<\/p><h4>I. Estado de conformidade<\/h4><p>O s\u00edtio Web <a href=\"https:\/\/emaprice.lneg.pt\/\"><span style=\"text-decoration: underline;\"><strong><span style=\"color: #ffffff; text-decoration: underline;\">eMaPriCE \u2013 Estudo de Mat\u00e9rias-Primas Cr\u00edticas e estrat\u00e9gicas e economia circular em Portuga<\/span><span style=\"color: #ffffff; text-decoration: underline;\">l<\/span><\/strong><\/span><\/a> d<span data-printfilter=\"lowerfirst\">o<\/span> LNEG est\u00e1 parcialmente conforme para com o Decreto-Lei n.\u00ba 83\/2018 de 19 de outubro.<\/p><p>\u00a0<\/p><h4>II. Elabora\u00e7\u00e3o da presente declara\u00e7\u00e3o de acessibilidade e usabilidade<\/h4><p>Esta declara\u00e7\u00e3o foi atualizada a 2023-08-25.<\/p><p>De acordo com o artigo 9\u00ba do Decreto-Lei n.\u00ba 83\/2018, as entidades devem adotar os procedimentos de monitoriza\u00e7\u00e3o a seguir apresentados. Os procedimentos A) e B) s\u00e3o obrigat\u00f3rios. O procedimento C) \u00e9 recomendado.<\/p><p><strong>A. Avalia\u00e7\u00f5es autom\u00e1ticas levadas a efeito<\/strong><\/p><div><ol><li>(2023-08-25). Relat\u00f3rio: <a href=\"http:\/\/emaprice.lneg.pt\/wp-content\/uploads\/2023\/08\/emaprice-Relato\u0301rio-de-pra\u0301ticas-de-acessibilidade-Web-WCAG-2.1-do-W3C.pdf\"><span style=\"text-decoration: underline;\"><strong><span style=\"color: #ffffff; text-decoration: underline;\">eMaPriCE \u2013 Estudo de Mat\u00e9rias-Primas Cr\u00edticas e estrat\u00e9gicas e economia circular em Portugal<\/span><\/strong><\/span><\/a><ul><li>Ferramenta utilizada: accessMonitor v2.1<\/li><li>Amostra: 1 p\u00e1ginas.<\/li><li>Principais resultados (sum\u00e1rio): No total das p\u00e1ginas foi obtido um score de 8.8 na escala do AccessMonitor (1-10) tendo-se obtido os seguintes n\u00edveis de conformidade: 45% passa a bateria de testes para o n\u00edvel A; 24% passa os testes para o AA; 9% os testes para o AAA. 22% n\u00e3o passam na bateria de testes.<\/li><\/ul><\/li><\/ol><\/div><p><strong>B. Avalia\u00e7\u00f5es manuais levadas a efeito:<\/strong><\/p><p>O s\u00edtio Web ainda n\u00e3o foi alvo de uma avalia\u00e7\u00e3o manual \u00e0s pr\u00e1ticas de acessibilidade.<\/p><p><strong>C. Testes de usabilidade com pessoas com defici\u00eancia:<\/strong><\/p><p>O s\u00edtio Web ainda n\u00e3o foi alvo de testes com utilizadores com defici\u00eancia.<\/p><p>\u00a0<\/p><h4>III. Contacto e solicita\u00e7\u00e3o de informa\u00e7\u00e3o relativa ao s\u00edtio Web<\/h4><p>Para contactar, enviar sugest\u00f5es, efetuar reclama\u00e7\u00f5es ou solicitar informa\u00e7\u00e3o adicional relativamente aos conte\u00fados e\/ou funcionalidades presentes no s\u00edtio Web d<span data-printfilter=\"lowerfirst\">o<\/span> LNEG, utilize, por favor, os seguintes meios:<\/p><div><dl><dt>Correio eletr\u00f3nico<\/dt><dd><p>comunicacao@lneg.pt<\/p><p>\u00a0<\/p><\/dd><\/dl><\/div><h4>IV. Outras evid\u00eancias<\/h4><p>Aquando do preenchimento da presente Declara\u00e7\u00e3o, o LNEG apresentou outras evid\u00eancias ou esfor\u00e7os para tornar o seu s\u00edtio Web conforme para com os requisitos de acessibilidade constantes do Decreto-Lei n.\u00ba 83\/2018, de 19 de outubro, nomeadamente atrav\u00e9s da instala\u00e7\u00e3o e configura\u00e7\u00e3o do <em>plugin<\/em> &#8220;One Click Accessability&#8221; para CMS WordPress, sendo este um dos mais utilizados no mundo.<\/p><p>\u00a0<\/p><h4>V. Den\u00fancia de situa\u00e7\u00f5es de discrimina\u00e7\u00e3o<\/h4><p>De acordo com o n.\u00ba 1 do artigo 13.\u00ba do Decreto-Lei n.\u00ba 83\/2018, de 19 de outubro, sempre que uma pessoa com defici\u00eancia seja objeto de um tratamento menos favor\u00e1vel do que aquele que \u00e9, tenha sido ou venha a ser dado a outra pessoa em situa\u00e7\u00e3o compar\u00e1vel, que consubstancie uma pr\u00e1tica discriminat\u00f3ria contra pessoas com defici\u00eancia, prevista e punida nos termos do <a href=\"http:\/\/data.dre.pt\/eli\/lei\/46\/2006\/08\/28\/p\/dre\/pt\/html\"><strong><span style=\"text-decoration: underline;\"><span style=\"color: #ffffff; text-decoration: underline;\">artigo 4.\u00ba da Lei n.\u00ba 46\/2006, de 28 de agosto<\/span><\/span><\/strong><\/a>, pode, essa pessoa, apresentar queixa, de acordo com o disposto no <a href=\"https:\/\/data.dre.pt\/eli\/dec-lei\/34\/2007\/02\/15\/p\/dre\/pt\/html\"><span style=\"color: #ffffff;\"><strong><span style=\"text-decoration: underline;\">Decreto-Lei n.\u00ba 34\/2007, de 15 de fevereiro<\/span><\/strong><\/span><\/a>.<\/p><p>O Instituto Nacional para a Reabilita\u00e7\u00e3o (INR, I.P.), disponibiliza um <a href=\"http:\/\/www.inr.pt\/resultados-de-pesquisa\/-\/journal_content\/56\/11309\/45065?p_p_auth=wje2GjQi\"><strong><span style=\"text-decoration: underline;\"><span style=\"color: #ffffff; text-decoration: underline;\">formul\u00e1rio para denunciar situa\u00e7\u00f5es de discrimina\u00e7\u00e3o<\/span><\/span><\/strong><\/a>, encaminhando as queixas apresentadas \u00e0s entidades competentes. Anualmente, o INR, I.P. elabora um relat\u00f3rio anual sobre a aplica\u00e7\u00e3o da lei que pro\u00edbe e pune a discrimina\u00e7\u00e3o em raz\u00e3o da defici\u00eancia e da exist\u00eancia de risco agravado de sa\u00fade (Lei n.o 46\/2006, de 28 de agosto).<\/p><p>&#8230;&#8230;&#8230;&#8230;&#8230;&#8230;&#8230;&#8230;&#8230;&#8230;&#8230;&#8230;&#8230;&#8230;&#8230;&#8230;&#8230;&#8230;&#8230;&#8230;&#8230;&#8230;&#8230;&#8230;&#8230;&#8230;&#8230;&#8230;&#8230;&#8230;&#8230;&#8230;&#8230;&#8230;&#8230;&#8230;&#8230;&#8230;&#8230;&#8230;&#8230;&#8230;&#8230;&#8230;&#8230;&#8230;&#8230;&#8230;&#8230;&#8230;&#8230;&#8230;&#8230;&#8230;&#8230;&#8230;&#8230;&#8230;&#8230;&#8230;&#8230;&#8230;&#8230;&#8230;&#8230;&#8230;&#8230;&#8230;&#8230;&#8230;&#8230;<\/p><p>A presente Declara\u00e7\u00e3o de Acessibilidade e Usabilidade foi criada com o aux\u00edlio do <a href=\"https:\/\/www.acessibilidade.gov.pt\/gerador\"><span style=\"text-decoration: underline;\"><strong><span style=\"color: #ffffff; text-decoration: underline;\">Gerador WAI-Tools PT v1.5<\/span><\/strong><\/span><\/a>, desenvolvido no \u00e2mbito do projeto <strong><span style=\"text-decoration: underline;\"><span style=\"color: #ffffff; text-decoration: underline;\"><a style=\"color: #ffffff; text-decoration: underline;\" href=\"https:\/\/w3.org\/WAI\/Tools\">WAI-Tools<\/a><\/span><\/span><\/strong>, de cujo cons\u00f3rcio a AMA \u00e9 parte integrante. A Declara\u00e7\u00e3o foi concebida em conformidade com o Decreto-Lei n.\u00ba 83\/2018, de 19 de outubro.<\/p><\/div><\/div><\/div><\/div>\t\t\t\t\t\t<\/div>\n\t\t\t\t<\/div>\n\t\t\t\t\t<\/div>\n\t\t<\/div>\n\t\t\t\t\t\t\t<\/div>\n\t\t<\/section>\n\t\t\t\t\t\t\t<\/div>\n\t\t","protected":false},"excerpt":{"rendered":"<p>Accessibility Declara\u00e7\u00e3o de Acessibilidade e Usabilidade O LNEG compromete-se a disponibilizar o s\u00edtio Web eMaPriCE \u2013 Estudo de Mat\u00e9rias-Primas Cr\u00edticas e estrat\u00e9gicas e economia circular em Portugal, em conformidade com o Decreto-Lei n.\u00ba 83\/2018, de 19 de outubro, que transp\u00f5e a Diretiva (UE) 2016\/2102 do Parlamento Europeu e do Conselho, relativa \u00e0 acessibilidade dos s\u00edtios [&hellip;]<\/p>\n","protected":false},"author":1,"featured_media":0,"parent":0,"menu_order":0,"comment_status":"closed","ping_status":"closed","template":"elementor_header_footer","meta":{"footnotes":""},"class_list":["post-1255","page","type-page","status-publish","hentry"],"_links":{"self":[{"href":"https:\/\/emaprice.lneg.pt\/index.php?rest_route=\/wp\/v2\/pages\/1255","targetHints":{"allow":["GET"]}}],"collection":[{"href":"https:\/\/emaprice.lneg.pt\/index.php?rest_route=\/wp\/v2\/pages"}],"about":[{"href":"https:\/\/emaprice.lneg.pt\/index.php?rest_route=\/wp\/v2\/types\/page"}],"author":[{"embeddable":true,"href":"https:\/\/emaprice.lneg.pt\/index.php?rest_route=\/wp\/v2\/users\/1"}],"replies":[{"embeddable":true,"href":"https:\/\/emaprice.lneg.pt\/index.php?rest_route=%2Fwp%2Fv2%2Fcomments&post=1255"}],"version-history":[{"count":16,"href":"https:\/\/emaprice.lneg.pt\/index.php?rest_route=\/wp\/v2\/pages\/1255\/revisions"}],"predecessor-version":[{"id":1284,"href":"https:\/\/emaprice.lneg.pt\/index.php?rest_route=\/wp\/v2\/pages\/1255\/revisions\/1284"}],"wp:attachment":[{"href":"https:\/\/emaprice.lneg.pt\/index.php?rest_route=%2Fwp%2Fv2%2Fmedia&parent=1255"}],"curies":[{"name":"wp","href":"https:\/\/api.w.org\/{rel}","templated":true}]}}